{"id":11,"date":"2019-09-02T19:34:50","date_gmt":"2019-09-02T19:34:50","guid":{"rendered":"https:\/\/prosenegal.org\/?page_id=11"},"modified":"2026-03-10T10:04:12","modified_gmt":"2026-03-10T10:04:12","slug":"sociale","status":"publish","type":"page","link":"https:\/\/prosenegal.org\/index.php\/sociale\/","title":{"rendered":"Sociale"},"content":{"rendered":"<p><div class=\"fusion-fullwidth fullwidth-box fusion-builder-row-1 nonhundred-percent-fullwidth non-hundred-percent-height-scrolling fusion-equal-height-columns\" style=\"--awb-border-sizes-top:30px;--awb-border-sizes-left:30px;--awb-border-sizes-right:30px;--awb-border-color:#ffffff;--awb-border-radius-top-left:0px;--awb-border-radius-top-right:0px;--awb-border-radius-bottom-right:0px;--awb-border-radius-bottom-left:0px;--awb-padding-right:0px;--awb-padding-bottom:0px;--awb-flex-wrap:wrap;\" ><div class=\"fusion-builder-row fusion-row\"><div class=\"fusion-layout-column fusion_builder_column fusion-builder-column-0 fusion_builder_column_1_2 1_2 fusion-one-half fusion-column-first\" style=\"--awb-padding-right:0px;--awb-bg-size:cover;--awb-margin-top:30px;--awb-margin-bottom:0px;width:50%;width:calc(50% - ( ( 3% ) * 0.5 ) );margin-right: 3%;\"><div class=\"fusion-column-wrapper fusion-column-has-shadow fusion-flex-column-wrapper-legacy\"><div class=\"fusion-text fusion-text-1\"><h2><strong>Costruiamo insieme il nuovo CIC di Mboro sur Mer<\/strong><\/h2>\n<p>Da oltre dieci anni il CIC (Centre d\u2019Int\u00e9gration Communautaire) di Mboro sur Mer \u00e8 un luogo di riferimento per i bambini del villaggio. Nato come centro di doposcuola, offre ogni giorno uno spazio sicuro di apprendimento, sostegno scolastico e crescita, accompagnando centinaia di bambini nel loro percorso educativo.<\/p>\n<p>Nel corso degli anni, il centro ha sviluppato un\u2019offerta educativa e creativa articolata. Ad oggi, le attivit\u00e0 proposte ai bambini e ai ragazzi includono il rinforzo scolastico, la ceramica, il teatro, le arti plastiche e il canto. Queste attivit\u00e0 favoriscono non solo l\u2019apprendimento, ma anche l\u2019espressione di s\u00e9, la creativit\u00e0, la socializzazione e la fiducia nelle proprie capacit\u00e0.<\/p>\n<p>Grazie al lavoro costante degli educatori, il CIC svolge inoltre un\u2019importante azione di sensibilizzazione sull\u2019importanza della scuola. Questo impegno ha avuto un impatto concreto sul territorio, contribuendo a un aumento del numero di iscrizioni alla scuola del villaggio: un segnale chiaro di una maggiore consapevolezza, da parte delle famiglie, del valore dell\u2019istruzione come risorsa fondamentale per costruire il futuro.<\/p>\n<p>Nel tempo, la fiducia delle famiglie e il forte legame con la comunit\u00e0 locale hanno portato a un aumento costante delle presenze. Oggi, per\u00f2, gli spazi attuali non sono pi\u00f9 sufficienti n\u00e9 adeguati a rispondere ai bisogni e a garantire condizioni ottimali per lo svolgimento delle attivit\u00e0.<\/p>\n<\/div><div class=\"fusion-clearfix\"><\/div><\/div><\/div><div class=\"fusion-layout-column fusion_builder_column fusion-builder-column-1 fusion_builder_column_1_2 1_2 fusion-one-half fusion-column-last\" style=\"--awb-padding-right:0px;--awb-bg-size:cover;--awb-margin-top:30px;--awb-margin-bottom:0px;width:50%;width:calc(50% - ( ( 3% ) * 0.5 ) );\"><div class=\"fusion-column-wrapper fusion-column-has-shadow fusion-flex-column-wrapper-legacy\"><div class=\"fusion-image-element fusion-no-small-visibility in-legacy-container\" style=\"--awb-margin-top:15px;--awb-margin-left:15px;--awb-caption-title-font-family:var(--h2_typography-font-family);--awb-caption-title-font-weight:var(--h2_typography-font-weight);--awb-caption-title-font-style:var(--h2_typography-font-style);--awb-caption-title-size:var(--h2_typography-font-size);--awb-caption-title-transform:var(--h2_typography-text-transform);--awb-caption-title-line-height:var(--h2_typography-line-height);--awb-caption-title-letter-spacing:var(--h2_typography-letter-spacing);\"><span class=\" fusion-imageframe imageframe-none imageframe-1 hover-type-none\"><img decoding=\"async\" width=\"2048\" height=\"1740\" title=\"mboro-sur-mer\" src=\"https:\/\/prosenegal.org\/wp-content\/uploads\/2026\/02\/709-posizione-2048x1740-1.jpg\" alt class=\"img-responsive wp-image-4818\" srcset=\"https:\/\/prosenegal.org\/wp-content\/uploads\/2026\/02\/709-posizione-2048x1740-1-200x170.jpg 200w, https:\/\/prosenegal.org\/wp-content\/uploads\/2026\/02\/709-posizione-2048x1740-1-400x340.jpg 400w, https:\/\/prosenegal.org\/wp-content\/uploads\/2026\/02\/709-posizione-2048x1740-1-600x510.jpg 600w, https:\/\/prosenegal.org\/wp-content\/uploads\/2026\/02\/709-posizione-2048x1740-1-800x680.jpg 800w, https:\/\/prosenegal.org\/wp-content\/uploads\/2026\/02\/709-posizione-2048x1740-1-1200x1020.jpg 1200w, https:\/\/prosenegal.org\/wp-content\/uploads\/2026\/02\/709-posizione-2048x1740-1.jpg 2048w\" sizes=\"(max-width: 800px) 100vw, 600px\" \/><\/span><\/div><div class=\"fusion-clearfix\"><\/div><\/div><\/div><\/div><\/div><div class=\"fusion-fullwidth fullwidth-box fusion-builder-row-2 nonhundred-percent-fullwidth non-hundred-percent-height-scrolling fusion-equal-height-columns\" style=\"--awb-border-sizes-left:30px;--awb-border-sizes-right:30px;--awb-border-color:#ffffff;--awb-border-radius-top-left:0px;--awb-border-radius-top-right:0px;--awb-border-radius-bottom-right:0px;--awb-border-radius-bottom-left:0px;--awb-padding-right:0px;--awb-padding-bottom:0px;--awb-flex-wrap:wrap;\" ><div class=\"fusion-builder-row fusion-row\"><div class=\"fusion-layout-column fusion_builder_column fusion-builder-column-2 fusion_builder_column_1_2 1_2 fusion-one-half fusion-column-first\" style=\"--awb-padding-right:0px;--awb-bg-size:cover;--awb-margin-top:30px;--awb-margin-bottom:0px;width:50%;width:calc(50% - ( ( 3% ) * 0.5 ) );margin-right: 3%;\"><div class=\"fusion-column-wrapper fusion-column-has-shadow fusion-flex-column-wrapper-legacy\"><div class=\"fusion-image-element in-legacy-container\" style=\"--awb-margin-top:15px;--awb-margin-right:20px;--awb-caption-title-font-family:var(--h2_typography-font-family);--awb-caption-title-font-weight:var(--h2_typography-font-weight);--awb-caption-title-font-style:var(--h2_typography-font-style);--awb-caption-title-size:var(--h2_typography-font-size);--awb-caption-title-transform:var(--h2_typography-text-transform);--awb-caption-title-line-height:var(--h2_typography-line-height);--awb-caption-title-letter-spacing:var(--h2_typography-letter-spacing);\"><span class=\" fusion-imageframe imageframe-none imageframe-2 hover-type-none\"><img decoding=\"async\" width=\"1280\" height=\"853\" title=\"709-cic-sezione\" src=\"https:\/\/prosenegal.org\/wp-content\/uploads\/2026\/02\/709-cic-sezione.jpeg\" alt class=\"img-responsive wp-image-4813\" srcset=\"https:\/\/prosenegal.org\/wp-content\/uploads\/2026\/02\/709-cic-sezione-200x133.jpeg 200w, https:\/\/prosenegal.org\/wp-content\/uploads\/2026\/02\/709-cic-sezione-400x267.jpeg 400w, https:\/\/prosenegal.org\/wp-content\/uploads\/2026\/02\/709-cic-sezione-600x400.jpeg 600w, https:\/\/prosenegal.org\/wp-content\/uploads\/2026\/02\/709-cic-sezione-800x533.jpeg 800w, https:\/\/prosenegal.org\/wp-content\/uploads\/2026\/02\/709-cic-sezione-1200x800.jpeg 1200w, https:\/\/prosenegal.org\/wp-content\/uploads\/2026\/02\/709-cic-sezione.jpeg 1280w\" sizes=\"(max-width: 800px) 100vw, 600px\" \/><\/span><\/div><div class=\"fusion-image-element in-legacy-container\" style=\"--awb-margin-top:5px;--awb-margin-right:20px;--awb-caption-title-font-family:var(--h2_typography-font-family);--awb-caption-title-font-weight:var(--h2_typography-font-weight);--awb-caption-title-font-style:var(--h2_typography-font-style);--awb-caption-title-size:var(--h2_typography-font-size);--awb-caption-title-transform:var(--h2_typography-text-transform);--awb-caption-title-line-height:var(--h2_typography-line-height);--awb-caption-title-letter-spacing:var(--h2_typography-letter-spacing);\"><span class=\" fusion-imageframe imageframe-none imageframe-3 hover-type-none\"><img decoding=\"async\" width=\"1280\" height=\"853\" title=\"709-cic-esterno\" src=\"https:\/\/prosenegal.org\/wp-content\/uploads\/2026\/02\/709-cic-esterno.jpeg\" alt class=\"img-responsive wp-image-4820\" srcset=\"https:\/\/prosenegal.org\/wp-content\/uploads\/2026\/02\/709-cic-esterno-200x133.jpeg 200w, https:\/\/prosenegal.org\/wp-content\/uploads\/2026\/02\/709-cic-esterno-400x267.jpeg 400w, https:\/\/prosenegal.org\/wp-content\/uploads\/2026\/02\/709-cic-esterno-600x400.jpeg 600w, https:\/\/prosenegal.org\/wp-content\/uploads\/2026\/02\/709-cic-esterno-800x533.jpeg 800w, https:\/\/prosenegal.org\/wp-content\/uploads\/2026\/02\/709-cic-esterno-1200x800.jpeg 1200w, https:\/\/prosenegal.org\/wp-content\/uploads\/2026\/02\/709-cic-esterno.jpeg 1280w\" sizes=\"(max-width: 800px) 100vw, 600px\" \/><\/span><\/div><div class=\"fusion-clearfix\"><\/div><\/div><\/div><div class=\"fusion-layout-column fusion_builder_column fusion-builder-column-3 fusion_builder_column_1_2 1_2 fusion-one-half fusion-column-last\" style=\"--awb-padding-right:0px;--awb-bg-size:cover;--awb-margin-top:30px;--awb-margin-bottom:0px;width:50%;width:calc(50% - ( ( 3% ) * 0.5 ) );\"><div class=\"fusion-column-wrapper fusion-column-has-shadow fusion-flex-column-wrapper-legacy\"><div class=\"fusion-text fusion-text-2\"><h2><strong>Un progetto per il futuro del villaggio<\/strong><\/h2>\n<p>Per rispondere a questa necessit\u00e0 concreta, nel 2024 l\u2019Associazione Pro Senegal ha acquistato un terreno alle porte del villaggio, con l\u2019obiettivo di costruire una nuova struttura.<\/p>\n<p>Il progetto architettonico del nuovo CIC \u00e8 stato sviluppato dallo&nbsp;studio<a href=\"https:\/\/www.bardelli.ch\/709-cic-centre-dintegration-communautaire\/\"><strong> Bardelli Moranda Padlina architetti<\/strong><\/a>&nbsp;di Locarno, con il supporto dello&nbsp;<strong><a href=\"https:\/\/sciarini.ch\/\">studio d\u2019ingegneria Sciarini di Vira<\/a><\/strong>, in stretta collaborazione con i nostri partner locali senegalesi. Entrambi gli studi hanno scelto di sostenere attivamente l\u2019Associazione Pro Senegal, offrendo gratuitamente lo sviluppo del progetto, mettendo a disposizione competenze, tempo e visione per la realizzazione di una struttura funzionale, sostenibile e profondamente radicata nel contesto locale.<\/p>\n<p>Il nuovo edificio sar\u00e0 strutturato su due piani e concepito per unire educazione, sostenibilit\u00e0 economica e utilizzo comunitario:<\/p>\n<p><strong>Piano terra<\/strong><\/p>\n<ul>\n<li>locali adibiti a negozi, che verranno affittati e costituiranno una fonte di entrata stabile per sostenere nel tempo le attivit\u00e0 del CIC;<\/li>\n<li>una sala multiuso, a disposizione del villaggio per incontri, eventi e attivit\u00e0 comunitarie.<\/li>\n<\/ul>\n<p><strong>Primo piano<\/strong><\/p>\n<ul>\n<li>spazi dedicati alle attivit\u00e0 educative e creative, progettati in modo flessibile per accogliere bambini di diverse fasce d\u2019et\u00e0 contemporaneamente, permettendo lo svolgimento parallelo del rinforzo scolastico e dei laboratori artistici.<\/li>\n<\/ul>\n<\/div><div class=\"fusion-clearfix\"><\/div><\/div><\/div><\/div><\/div><div class=\"fusion-fullwidth fullwidth-box fusion-builder-row-3 nonhundred-percent-fullwidth non-hundred-percent-height-scrolling fusion-equal-height-columns\" style=\"--awb-border-sizes-left:30px;--awb-border-sizes-right:30px;--awb-border-color:#ffffff;--awb-border-radius-top-left:0px;--awb-border-radius-top-right:0px;--awb-border-radius-bottom-right:0px;--awb-border-radius-bottom-left:0px;--awb-padding-right:0px;--awb-padding-bottom:4%;--awb-flex-wrap:wrap;\" ><div class=\"fusion-builder-row fusion-row\"><div class=\"fusion-layout-column fusion_builder_column fusion-builder-column-4 fusion_builder_column_1_2 1_2 fusion-one-half fusion-column-first\" style=\"--awb-padding-right:0px;--awb-bg-size:cover;--awb-margin-top:30px;--awb-margin-bottom:0px;width:50%;width:calc(50% - ( ( 3% ) * 0.5 ) );margin-right: 3%;\"><div class=\"fusion-column-wrapper fusion-column-has-shadow fusion-flex-column-wrapper-legacy\"><div class=\"fusion-text fusion-text-3\"><h2><strong>Una costruzione attenta al clima e alla sostenibilit\u00e0<\/strong><\/h2>\n<p>Particolare attenzione \u00e8 stata posta agli aspetti climatici ed energetici. La concezione dello stabile favorisce la naturale circolazione dell\u2019aria, garantendo temperature interne pi\u00f9 confortevoli anche nei periodi pi\u00f9 caldi dell\u2019anno.<\/p>\n<p>Sulla terrazza verr\u00e0 realizzata una tettoia con una duplice funzione: da un lato creare ombra sul tetto piatto, contribuendo al comfort termico dell\u2019edificio; dall\u2019altro fungere da supporto per i pannelli solari, che alimenteranno la struttura, rafforzandone l\u2019autonomia energetica e riducendo i costi di gestione.<\/p>\n<h2><strong>Sostieni la realizzazione del nuovo CIC<\/strong><\/h2>\n<p>La stima complessiva dei costi per la realizzazione del nuovo centro si aggira intorno a <strong>Fr.<\/strong> <strong>300\u2019000<\/strong> e l\u2019inizio dei lavori \u00e8 previsto nel corso del <strong>2026<\/strong>.<\/p>\n<p>Per trasformare questo progetto in realt\u00e0 abbiamo bisogno del sostegno di partner, fondazioni, enti e donatori privati che credano nell\u2019importanza dell\u2019educazione, della creativit\u00e0 e dello sviluppo locale.<\/p>\n<p><strong>Invitiamo chi lo desidera a consultare il <a href=\"https:\/\/www.bardelli.ch\/709-cic-centre-dintegration-communautaire\/\" target=\"_blank\" rel=\"noopener noreferrer\">progetto architettonico completo<\/a><\/strong>, allegato a questa pagina, e a <strong><a href=\"https:\/\/prosenegal.org\/index.php\/contatto\/\">valutare una partecipazione al finanziamento del nuovo CIC<\/a><\/strong>.<\/p>\n<p>Sostenere questo progetto significa contribuire alla costruzione di uno spazio duraturo, capace di rafforzare l\u2019accesso all\u2019istruzione, valorizzare le competenze dei bambini e accompagnare la crescita dell\u2019intera comunit\u00e0 di Mboro sur Mer, oggi e nel futuro.<\/p>\n<\/div><div class=\"fusion-clearfix\"><\/div><\/div><\/div><div class=\"fusion-layout-column fusion_builder_column fusion-builder-column-5 fusion_builder_column_1_2 1_2 fusion-one-half fusion-column-last\" style=\"--awb-padding-right:0px;--awb-bg-size:cover;--awb-margin-top:30px;--awb-margin-bottom:0px;width:50%;width:calc(50% - ( ( 3% ) * 0.5 ) );\"><div class=\"fusion-column-wrapper fusion-column-has-shadow fusion-flex-column-wrapper-legacy\"><div class=\"fusion-image-element fusion-no-small-visibility in-legacy-container\" style=\"--awb-margin-top:15px;--awb-margin-left:20px;--awb-caption-title-font-family:var(--h2_typography-font-family);--awb-caption-title-font-weight:var(--h2_typography-font-weight);--awb-caption-title-font-style:var(--h2_typography-font-style);--awb-caption-title-size:var(--h2_typography-font-size);--awb-caption-title-transform:var(--h2_typography-text-transform);--awb-caption-title-line-height:var(--h2_typography-line-height);--awb-caption-title-letter-spacing:var(--h2_typography-letter-spacing);\"><span class=\" fusion-imageframe imageframe-none imageframe-4 hover-type-none\"><img decoding=\"async\" width=\"1280\" height=\"853\" title=\"709-cic-tetto-1\" src=\"https:\/\/prosenegal.org\/wp-content\/uploads\/2026\/02\/709-cic-tetto-1.jpeg\" alt class=\"img-responsive wp-image-4821\" srcset=\"https:\/\/prosenegal.org\/wp-content\/uploads\/2026\/02\/709-cic-tetto-1-200x133.jpeg 200w, https:\/\/prosenegal.org\/wp-content\/uploads\/2026\/02\/709-cic-tetto-1-400x267.jpeg 400w, https:\/\/prosenegal.org\/wp-content\/uploads\/2026\/02\/709-cic-tetto-1-600x400.jpeg 600w, https:\/\/prosenegal.org\/wp-content\/uploads\/2026\/02\/709-cic-tetto-1-800x533.jpeg 800w, https:\/\/prosenegal.org\/wp-content\/uploads\/2026\/02\/709-cic-tetto-1-1200x800.jpeg 1200w, https:\/\/prosenegal.org\/wp-content\/uploads\/2026\/02\/709-cic-tetto-1.jpeg 1280w\" sizes=\"(max-width: 800px) 100vw, 600px\" \/><\/span><\/div><div class=\"fusion-image-element fusion-no-small-visibility in-legacy-container\" style=\"--awb-margin-top:5px;--awb-margin-left:20px;--awb-caption-title-font-family:var(--h2_typography-font-family);--awb-caption-title-font-weight:var(--h2_typography-font-weight);--awb-caption-title-font-style:var(--h2_typography-font-style);--awb-caption-title-size:var(--h2_typography-font-size);--awb-caption-title-transform:var(--h2_typography-text-transform);--awb-caption-title-line-height:var(--h2_typography-line-height);--awb-caption-title-letter-spacing:var(--h2_typography-letter-spacing);\"><span class=\" fusion-imageframe imageframe-none imageframe-5 hover-type-none\"><img decoding=\"async\" width=\"1280\" height=\"853\" title=\"709-cic-interno-1p\" src=\"https:\/\/prosenegal.org\/wp-content\/uploads\/2026\/02\/709-cic-interno-1p.jpeg\" alt class=\"img-responsive wp-image-4822\" srcset=\"https:\/\/prosenegal.org\/wp-content\/uploads\/2026\/02\/709-cic-interno-1p-200x133.jpeg 200w, https:\/\/prosenegal.org\/wp-content\/uploads\/2026\/02\/709-cic-interno-1p-400x267.jpeg 400w, https:\/\/prosenegal.org\/wp-content\/uploads\/2026\/02\/709-cic-interno-1p-600x400.jpeg 600w, https:\/\/prosenegal.org\/wp-content\/uploads\/2026\/02\/709-cic-interno-1p-800x533.jpeg 800w, https:\/\/prosenegal.org\/wp-content\/uploads\/2026\/02\/709-cic-interno-1p-1200x800.jpeg 1200w, https:\/\/prosenegal.org\/wp-content\/uploads\/2026\/02\/709-cic-interno-1p.jpeg 1280w\" sizes=\"(max-width: 800px) 100vw, 600px\" \/><\/span><\/div><div class=\"fusion-clearfix\"><\/div><\/div><\/div><\/div><\/div><div class=\"fusion-fullwidth fullwidth-box fusion-builder-row-4 hundred-percent-fullwidth non-hundred-percent-height-scrolling\" style=\"--awb-border-radius-top-left:0px;--awb-border-radius-top-right:0px;--awb-border-radius-bottom-right:0px;--awb-border-radius-bottom-left:0px;--awb-padding-top:25px;--awb-padding-left:0px;--awb-margin-top:0px;--awb-background-color:#2d2d2d;--awb-flex-wrap:wrap;\" ><div class=\"fusion-builder-row fusion-row\"><div class=\"fusion-layout-column fusion_builder_column fusion-builder-column-6 fusion_builder_column_1_4 1_4 fusion-one-fourth fusion-column-first\" style=\"--awb-bg-size:cover;width:25%;width:calc(25% - ( ( 4% + 4% + 4% ) * 0.25 ) );margin-right: 4%;\"><div class=\"fusion-column-wrapper fusion-column-has-shadow fusion-flex-column-wrapper-legacy\"><div class=\"fusion-text fusion-text-4\"><h5 style=\"text-align: center;\">CONTATTO<\/h5>\n<h6 style=\"text-align: center;\">Associazione Pro Senegal<br \/>\nc\/o Stefano Balestra<br \/>\nvia Cantonale 46<br \/>\nCH-6576 Gerra Gambarogno<\/h6>\n<\/div><div class=\"fusion-clearfix\"><\/div><\/div><\/div><div class=\"fusion-layout-column fusion_builder_column fusion-builder-column-7 fusion_builder_column_1_4 1_4 fusion-one-fourth\" style=\"--awb-bg-size:cover;width:25%;width:calc(25% - ( ( 4% + 4% + 4% ) * 0.25 ) );margin-right: 4%;\"><div class=\"fusion-column-wrapper fusion-column-has-shadow fusion-flex-column-wrapper-legacy\"><div class=\"fusion-text fusion-text-5\"><h5 style=\"text-align: center;\">SCRIVICI<\/h5>\n<h6 style=\"text-align: center;\">info@prosenegal.org<\/h6>\n<\/div><div class=\"fusion-clearfix\"><\/div><\/div><\/div><div class=\"fusion-layout-column fusion_builder_column fusion-builder-column-8 fusion_builder_column_1_4 1_4 fusion-one-fourth\" style=\"--awb-bg-size:cover;width:25%;width:calc(25% - ( ( 4% + 4% + 4% ) * 0.25 ) );margin-right: 4%;\"><div class=\"fusion-column-wrapper fusion-column-has-shadow fusion-flex-column-wrapper-legacy\"><div class=\"fusion-column-content-centered\"><div class=\"fusion-column-content\"><div class=\"fusion-text fusion-text-6\"><h5 style=\"text-align: center;\">SEGUICI<\/h5>\n<\/div><div class=\"aligncenter\"><div class=\"fusion-social-links fusion-social-links-1\" style=\"--awb-margin-top:2%;--awb-margin-right:0px;--awb-margin-bottom:0px;--awb-margin-left:0px;--awb-alignment:center;--awb-box-border-top:0px;--awb-box-border-right:0px;--awb-box-border-bottom:0px;--awb-box-border-left:0px;--awb-icon-colors-hover:rgba(190,189,189,0.8);--awb-box-colors-hover:rgba(232,232,232,0.8);--awb-box-border-color:var(--awb-color3);--awb-box-border-color-hover:var(--awb-color4);\"><div class=\"fusion-social-networks color-type-custom\"><div class=\"fusion-social-networks-wrapper\"><a class=\"fusion-social-network-icon fusion-tooltip fusion-facebook fa-facebook fab\" style=\"color:#bebdbd;font-size:24px;\" data-placement=\"top\" data-title=\"Facebook\" data-toggle=\"tooltip\" title=\"Facebook\" aria-label=\"facebook\" target=\"_blank\" rel=\"noopener noreferrer\" href=\"https:\/\/www.facebook.com\/associazioneprosenegal\"><\/a><a class=\"fusion-social-network-icon fusion-tooltip fusion-instagram awb-icon-instagram\" style=\"color:#bebdbd;font-size:24px;\" data-placement=\"top\" data-title=\"Instagram\" data-toggle=\"tooltip\" title=\"Instagram\" aria-label=\"instagram\" target=\"_blank\" rel=\"noopener noreferrer\" href=\"https:\/\/www.instagram.com\/associazioneprosenegal\"><\/a><a class=\"fusion-social-network-icon fusion-tooltip fusion-youtube fa-youtube fab\" style=\"color:#bebdbd;font-size:24px;\" data-placement=\"top\" data-title=\"YouTube\" data-toggle=\"tooltip\" title=\"YouTube\" aria-label=\"youtube\" target=\"_blank\" rel=\"noopener noreferrer\" href=\"https:\/\/www.youtube.com\/watch?v=d4uOyvtbtME\"><\/a><\/div><\/div><\/div><\/div><\/div><\/div><div class=\"fusion-clearfix\"><\/div><\/div><\/div><div class=\"fusion-layout-column fusion_builder_column fusion-builder-column-9 fusion_builder_column_1_4 1_4 fusion-one-fourth fusion-column-last\" style=\"--awb-bg-size:cover;width:25%;width:calc(25% - ( ( 4% + 4% + 4% ) * 0.25 ) );\"><div class=\"fusion-column-wrapper fusion-column-has-shadow fusion-flex-column-wrapper-legacy\"><div class=\"fusion-text fusion-text-7\" style=\"--awb-margin-left:-1vw;\"><h5 style=\"text-align: center;\">SOSTIENICI<\/h5>\n<\/div><div class=\"fusion-fa-align-center\"><a class=\"fb-icon-element-1 fb-icon-element fontawesome-icon fa-heart fas circle-yes fusion-link\" style=\"--awb-iconcolor-hover:#d1d1d1;--awb-circlecolor:#e4a936;--awb-circlecolor-hover:#e4a936;--awb-circlebordersize:1px;--awb-font-size:23px;--awb-width:43px;--awb-height:43px;--awb-line-height:41px;\" href=\"https:\/\/prosenegal.org\/index.php\/contatto\/\" target=\"_blank\" aria-label=\"Link to https:\/\/prosenegal.org\/index.php\/contatto\/\" rel=\"noopener noreferrer\"><\/a><\/div><div class=\"fusion-clearfix\"><\/div><\/div><\/div><\/div><\/div>\n<div class=\"fusion-fullwidth fullwidth-box fusion-builder-row-5 hundred-percent-fullwidth non-hundred-percent-height-scrolling\" style=\"--awb-border-radius-top-left:0px;--awb-border-radius-top-right:0px;--awb-border-radius-bottom-right:0px;--awb-border-radius-bottom-left:0px;--awb-padding-top:10px;--awb-padding-bottom:0px;--awb-margin-bottom:0px;--awb-background-color:#e4a936;--awb-flex-wrap:wrap;\" ><div class=\"fusion-builder-row fusion-row\"><div class=\"fusion-layout-column fusion_builder_column fusion-builder-column-10 fusion_builder_column_1_1 1_1 fusion-one-full fusion-column-first fusion-column-last\" style=\"--awb-bg-size:cover;--awb-margin-bottom:8px;\"><div class=\"fusion-column-wrapper fusion-column-has-shadow fusion-flex-column-wrapper-legacy\"><div class=\"fusion-column-content-centered\"><div class=\"fusion-column-content\"><div class=\"fusion-text fusion-text-8\"><h6 style=\"text-align: center;\"><span style=\"color: #333333;\">\u00a9 Associazione Pro Senegal<\/span><\/h6>\n<\/div><\/div><\/div><div class=\"fusion-clearfix\"><\/div><\/div><\/div><\/div><\/div>\n<\/p>\n","protected":false},"excerpt":{"rendered":"","protected":false},"author":1,"featured_media":0,"parent":0,"menu_order":0,"comment_status":"closed","ping_status":"closed","template":"100-width.php","meta":{"footnotes":""},"class_list":["post-11","page","type-page","status-publish","hentry"],"_links":{"self":[{"href":"https:\/\/prosenegal.org\/index.php\/wp-json\/wp\/v2\/pages\/11","targetHints":{"allow":["GET"]}}],"collection":[{"href":"https:\/\/prosenegal.org\/index.php\/wp-json\/wp\/v2\/pages"}],"about":[{"href":"https:\/\/prosenegal.org\/index.php\/wp-json\/wp\/v2\/types\/page"}],"author":[{"embeddable":true,"href":"https:\/\/prosenegal.org\/index.php\/wp-json\/wp\/v2\/users\/1"}],"replies":[{"embeddable":true,"href":"https:\/\/prosenegal.org\/index.php\/wp-json\/wp\/v2\/comments?post=11"}],"version-history":[{"count":74,"href":"https:\/\/prosenegal.org\/index.php\/wp-json\/wp\/v2\/pages\/11\/revisions"}],"predecessor-version":[{"id":4916,"href":"https:\/\/prosenegal.org\/index.php\/wp-json\/wp\/v2\/pages\/11\/revisions\/4916"}],"wp:attachment":[{"href":"https:\/\/prosenegal.org\/index.php\/wp-json\/wp\/v2\/media?parent=11"}],"curies":[{"name":"wp","href":"https:\/\/api.w.org\/{rel}","templated":true}]}}